{"id":2777,"date":"2026-01-13T16:14:53","date_gmt":"2026-01-13T15:14:53","guid":{"rendered":"https:\/\/woocommerce.mykomela.com\/fringue1\/product\/machine-a-cafe-nomade-pxiapresso-wacaco\/"},"modified":"2026-01-13T16:31:23","modified_gmt":"2026-01-13T15:31:23","slug":"machine-a-cafe-nomade-pxiapresso-wacaco","status":"publish","type":"product","link":"https:\/\/woocommerce.mykomela.com\/fringue1\/product\/machine-a-cafe-nomade-pxiapresso-wacaco\/","title":{"rendered":"Machine \u00e0 caf\u00e9 Nomade &#8211; PXIAPRESSO &#8211; WACACO"},"content":{"rendered":"<p data-start=\"61\" data-end=\"91\" style=\"font-style: normal;font-weight: 400;font-size: 14px;font-family: Roboto, Helvetica, Arial, sans-serif\">CARACT\u00c9RISTIQUES PRINCIPALES :<\/p>\n<ul data-start=\"93\" data-end=\"976\" style=\"font-style: normal;font-weight: 400;font-size: 14px;font-family: Roboto, Helvetica, Arial, sans-serif\">\n<li data-start=\"93\" data-end=\"209\">\n<p data-start=\"95\" data-end=\"209\">Chauffe Rapide : Infusion en 180 secondes. Chauffe rapide atteinte dans certaines conditions pour 35 ml \u00e0 88\u00b0 C.<\/p>\n<\/li>\n<li data-start=\"210\" data-end=\"259\">\n<p data-start=\"212\" data-end=\"259\">Grand r\u00e9servoir d\u2019eau : Jusqu\u2019\u00e0 120 ml d\u2019eau.<\/p>\n<\/li>\n<li data-start=\"260\" data-end=\"339\">\n<p data-start=\"262\" data-end=\"339\">Interface Intuitive : Personnalisez facilement les param\u00e8tres d\u2019extraction.<\/p>\n<\/li>\n<li data-start=\"340\" data-end=\"397\">\n<p data-start=\"342\" data-end=\"397\">Contr\u00f4le de la temp\u00e9rature : Pr\u00e9r\u00e9gl\u00e9e \u00e0 88-92-96\u00b0 C.<\/p>\n<\/li>\n<li data-start=\"398\" data-end=\"457\">\n<p data-start=\"400\" data-end=\"457\">Versatile : Utilisez du caf\u00e9 moulu ou des capsules NS*.<\/p>\n<\/li>\n<li data-start=\"458\" data-end=\"512\">\n<p data-start=\"460\" data-end=\"512\">Filtre r\u00e9glable : S\u2019adapte \u00e0 8-16 g de caf\u00e9 moulu.<\/p>\n<\/li>\n<li data-start=\"513\" data-end=\"584\">\n<p data-start=\"515\" data-end=\"584\">Porte-filtre pressuris\u00e9 : Un expresso riche avec une cr\u00e8me \u00e9paisse.<\/p>\n<\/li>\n<li data-start=\"585\" data-end=\"647\">\n<p data-start=\"587\" data-end=\"647\">Compacte et l\u00e9g\u00e8re : Seulement 181 mm de hauteur et 755 g.<\/p>\n<\/li>\n<li data-start=\"648\" data-end=\"743\">\n<p data-start=\"650\" data-end=\"743\">Batterie Puissante : 3000 mAh 3S (3 cellules de 3000 mAh chacune) pour jusqu\u2019\u00e0 5 expressos.<\/p>\n<\/li>\n<li data-start=\"744\" data-end=\"818\">\n<p data-start=\"746\" data-end=\"818\">Charge Universelle : Charge via un chargeur USB (&gt;10 W) en 2 h 30 min.<\/p>\n<\/li>\n<li data-start=\"819\" data-end=\"909\">\n<p data-start=\"821\" data-end=\"909\">Accessoires Int\u00e9gr\u00e9s : Comprend deux tasses, une cuill\u00e8re, un entonnoir et une brosse.<\/p>\n<\/li>\n<li data-start=\"910\" data-end=\"957\">\n<p data-start=\"912\" data-end=\"957\">Design Fran\u00e7ais : Style moderne et \u00e9l\u00e9gant.<\/p>\n<\/li>\n<li data-start=\"910\" data-end=\"957\">\n<p data-start=\"912\" data-end=\"957\">Poids : 755g<\/p>\n<\/li>\n<li data-start=\"958\" data-end=\"976\">\n<p data-start=\"960\" data-end=\"976\">Garantie : 1 an.<\/p>\n<\/li>\n<\/ul>\n","protected":false},"excerpt":{"rendered":"<p><span style=\"font-family: Roboto, Helvetica, Arial, sans-serif;font-size: 14px;font-style: normal;font-weight: 400\">La Pixapresso est la premi\u00e8re machine \u00e0 espresso portable et \u00e9lectrique compacte de Wacaco, con\u00e7ue pour les passionn\u00e9s d\u2019expresso qui refusent de faire des compromis sur la commodit\u00e9, peu importe o\u00f9 ils se trouvent. Avec son design \u00e9l\u00e9gant et son \u00e9cran intuitif, la Pixapresso vous permet de contr\u00f4ler facilement les r\u00e9glages cl\u00e9s de l\u2019extraction, comme la temp\u00e9rature de l\u2019eau et la pr\u00e9-infusion, offrant ainsi une personnalisation de niveau barista directement \u00e0 port\u00e9e de main. Que vous pr\u00e9pariez un espresso avec du caf\u00e9 fra\u00eechement moulu gr\u00e2ce au filtre ajustable ou que vous appr\u00e9ciiez la commodit\u00e9 des capsules de caf\u00e9, la Pixapresso adapte chaque tasse \u00e0 vos pr\u00e9f\u00e9rences. Parfaite pour la maison, le bureau ou les aventures en ext\u00e9rieur, elle offre une exp\u00e9rience d\u2019espresso exceptionnelle \u00e0 tout moment et en tout lieu, qui satisfait aussi bien les buveurs occasionnels que les connaisseurs exigeants de caf\u00e9.<\/span><\/p>\n","protected":false},"featured_media":2776,"comment_status":"open","ping_status":"closed","template":"","meta":[],"etheme_brands":[],"product_brand":[],"product_cat":[50],"product_tag":[105],"class_list":{"0":"post-2777","1":"product","2":"type-product","3":"status-publish","4":"has-post-thumbnail","6":"product_cat-divers_mkg","7":"product_tag-pezo_5_mkm","9":"first","10":"outofstock","11":"taxable","12":"shipping-taxable","13":"purchasable","14":"product-type-variable","15":"has-default-attributes"},"_links":{"self":[{"href":"https:\/\/woocommerce.mykomela.com\/fringue1\/wp-json\/wp\/v2\/product\/2777","targetHints":{"allow":["GET"]}}],"collection":[{"href":"https:\/\/woocommerce.mykomela.com\/fringue1\/wp-json\/wp\/v2\/product"}],"about":[{"href":"https:\/\/woocommerce.mykomela.com\/fringue1\/wp-json\/wp\/v2\/types\/product"}],"replies":[{"embeddable":true,"href":"https:\/\/woocommerce.mykomela.com\/fringue1\/wp-json\/wp\/v2\/comments?post=2777"}],"version-history":[{"count":1,"href":"https:\/\/woocommerce.mykomela.com\/fringue1\/wp-json\/wp\/v2\/product\/2777\/revisions"}],"predecessor-version":[{"id":2779,"href":"https:\/\/woocommerce.mykomela.com\/fringue1\/wp-json\/wp\/v2\/product\/2777\/revisions\/2779"}],"wp:featuredmedia":[{"embeddable":true,"href":"https:\/\/woocommerce.mykomela.com\/fringue1\/wp-json\/wp\/v2\/media\/2776"}],"wp:attachment":[{"href":"https:\/\/woocommerce.mykomela.com\/fringue1\/wp-json\/wp\/v2\/media?parent=2777"}],"wp:term":[{"taxonomy":"brand","embeddable":true,"href":"https:\/\/woocommerce.mykomela.com\/fringue1\/wp-json\/wp\/v2\/etheme_brands?post=2777"},{"taxonomy":"product_brand","embeddable":true,"href":"https:\/\/woocommerce.mykomela.com\/fringue1\/wp-json\/wp\/v2\/product_brand?post=2777"},{"taxonomy":"product_cat","embeddable":true,"href":"https:\/\/woocommerce.mykomela.com\/fringue1\/wp-json\/wp\/v2\/product_cat?post=2777"},{"taxonomy":"product_tag","embeddable":true,"href":"https:\/\/woocommerce.mykomela.com\/fringue1\/wp-json\/wp\/v2\/product_tag?post=2777"}],"curies":[{"name":"wp","href":"https:\/\/api.w.org\/{rel}","templated":true}]}}