{"id":2142,"date":"2024-03-27T09:47:35","date_gmt":"2024-03-27T08:47:35","guid":{"rendered":"https:\/\/woocommerce.mykomela.com\/fringue1\/product\/tweetshirt-a-capuche\/"},"modified":"2026-02-13T16:10:32","modified_gmt":"2026-02-13T15:10:32","slug":"tweetshirt-a-capuche","status":"publish","type":"product","link":"https:\/\/woocommerce.mykomela.com\/fringue1\/product\/tweetshirt-a-capuche\/","title":{"rendered":"Tweetshirt \u00e0 capuche B\u00e8ge"},"content":{"rendered":"","protected":false},"excerpt":{"rendered":"<p>Tweetshirt \u00e0 capuche B\u00e8ge<\/p>\n","protected":false},"featured_media":2209,"comment_status":"open","ping_status":"closed","template":"","meta":[],"etheme_brands":[],"product_brand":[],"product_cat":[48,57],"product_tag":[63,52],"class_list":{"0":"post-2142","1":"product","2":"type-product","3":"status-publish","4":"has-post-thumbnail","6":"product_cat-hom_mkg","7":"product_cat-tweet_mkf","8":"product_tag-vet_mkc","9":"product_tag-wrang_mkm","11":"first","12":"outofstock","13":"taxable","14":"shipping-taxable","15":"purchasable","16":"product-type-variable","17":"has-default-attributes"},"_links":{"self":[{"href":"https:\/\/woocommerce.mykomela.com\/fringue1\/wp-json\/wp\/v2\/product\/2142","targetHints":{"allow":["GET"]}}],"collection":[{"href":"https:\/\/woocommerce.mykomela.com\/fringue1\/wp-json\/wp\/v2\/product"}],"about":[{"href":"https:\/\/woocommerce.mykomela.com\/fringue1\/wp-json\/wp\/v2\/types\/product"}],"replies":[{"embeddable":true,"href":"https:\/\/woocommerce.mykomela.com\/fringue1\/wp-json\/wp\/v2\/comments?post=2142"}],"version-history":[{"count":1,"href":"https:\/\/woocommerce.mykomela.com\/fringue1\/wp-json\/wp\/v2\/product\/2142\/revisions"}],"predecessor-version":[{"id":2629,"href":"https:\/\/woocommerce.mykomela.com\/fringue1\/wp-json\/wp\/v2\/product\/2142\/revisions\/2629"}],"wp:featuredmedia":[{"embeddable":true,"href":"https:\/\/woocommerce.mykomela.com\/fringue1\/wp-json\/wp\/v2\/media\/2209"}],"wp:attachment":[{"href":"https:\/\/woocommerce.mykomela.com\/fringue1\/wp-json\/wp\/v2\/media?parent=2142"}],"wp:term":[{"taxonomy":"brand","embeddable":true,"href":"https:\/\/woocommerce.mykomela.com\/fringue1\/wp-json\/wp\/v2\/etheme_brands?post=2142"},{"taxonomy":"product_brand","embeddable":true,"href":"https:\/\/woocommerce.mykomela.com\/fringue1\/wp-json\/wp\/v2\/product_brand?post=2142"},{"taxonomy":"product_cat","embeddable":true,"href":"https:\/\/woocommerce.mykomela.com\/fringue1\/wp-json\/wp\/v2\/product_cat?post=2142"},{"taxonomy":"product_tag","embeddable":true,"href":"https:\/\/woocommerce.mykomela.com\/fringue1\/wp-json\/wp\/v2\/product_tag?post=2142"}],"curies":[{"name":"wp","href":"https:\/\/api.w.org\/{rel}","templated":true}]}}